{"id":39,"date":"2009-05-08T19:23:30","date_gmt":"2009-05-09T02:23:30","guid":{"rendered":"http:\/\/www.ryanalexander.us\/?page_id=39"},"modified":"2025-11-19T13:24:32","modified_gmt":"2025-11-19T20:24:32","slug":"espanol","status":"publish","type":"page","link":"https:\/\/ryanalexander.us\/?page_id=39","title":{"rendered":"Espa\u00f1ol"},"content":{"rendered":"<p>[et_pb_section fb_built=&#8221;1&#8243; _builder_version=&#8221;3.22&#8243; global_colors_info=&#8221;{}&#8221;][et_pb_row _builder_version=&#8221;4.14.1&#8243; background_size=&#8221;initial&#8221; background_position=&#8221;top_left&#8221; background_repeat=&#8221;repeat&#8221; custom_padding=&#8221;2px|||25px||&#8221; hover_enabled=&#8221;0&#8243; global_colors_info=&#8221;{}&#8221; custom_margin=&#8221;48px|auto||auto||&#8221; min_height=&#8221;65.6px&#8221; sticky_enabled=&#8221;0&#8243;][et_pb_column type=&#8221;4_4&#8243; _builder_version=&#8221;3.25&#8243; custom_padding=&#8221;|||&#8221; hover_enabled=&#8221;0&#8243; global_colors_info=&#8221;{}&#8221; custom_padding__hover=&#8221;|||&#8221; sticky_enabled=&#8221;0&#8243;][et_pb_image src=&#8221;https:\/\/ryanalexander.us\/wp-content\/uploads\/2025\/11\/Ryan-Alexander-Spanish-2025-1.jpg&#8221; _builder_version=&#8221;4.14.1&#8243; _module_preset=&#8221;default&#8221; theme_builder_area=&#8221;post_content&#8221; hover_enabled=&#8221;0&#8243; sticky_enabled=&#8221;0&#8243; align=&#8221;center&#8221;][\/et_pb_image][\/et_pb_column][\/et_pb_row][et_pb_row _builder_version=&#8221;4.14.1&#8243; _module_preset=&#8221;default&#8221; global_colors_info=&#8221;{}&#8221;][et_pb_column type=&#8221;4_4&#8243; _builder_version=&#8221;4.14.1&#8243; _module_preset=&#8221;default&#8221; global_colors_info=&#8221;{}&#8221;][et_pb_cta button_text=&#8221;Click Here&#8221; _builder_version=&#8221;4.14.1&#8243; _module_preset=&#8221;default&#8221; global_colors_info=&#8221;{}&#8221;]<\/p>\n<h1 style=\"text-align: center;\">Llame (702) 333-8888 para consultar con Ryan<\/h1>\n<h3 style=\"text-align: center;\">Consulta Gratis\u00a0 \u2022\u00a0 Accidentes: No honorarios si no ganamos<\/h3>\n<p>&nbsp;<\/p>\n<p>Si usted o un ser querido ha sido lastimado en un accidente, abogado Ryan Alexander tiene la experiencia en la litigaci\u00f3n para atender su caso de lesi\u00f3n en Nevada.<\/p>\n<p>[\/et_pb_cta][\/et_pb_column][\/et_pb_row][et_pb_row _builder_version=&#8221;4.14.1&#8243; _module_preset=&#8221;default&#8221; global_colors_info=&#8221;{}&#8221;][et_pb_column type=&#8221;4_4&#8243; _builder_version=&#8221;4.14.1&#8243; _module_preset=&#8221;default&#8221; global_colors_info=&#8221;{}&#8221;][et_pb_video_slider _builder_version=&#8221;4.14.1&#8243; _module_preset=&#8221;default&#8221; global_colors_info=&#8221;{}&#8221;][et_pb_video_slider_item src=&#8221;https:\/\/www.youtube.com\/watch?v=qTRF7Jb12pw&#8221; _builder_version=&#8221;4.14.1&#8243; _module_preset=&#8221;default&#8221; global_colors_info=&#8221;{}&#8221; show_image_overlay=&#8221;off&#8221;][\/et_pb_video_slider_item][et_pb_video_slider_item src=&#8221;https:\/\/www.youtube.com\/watch?v=aQGSeVUPOt0&#8243; src_last_edited=&#8221;off|desktop&#8221; _builder_version=&#8221;4.14.1&#8243; _module_preset=&#8221;default&#8221; global_colors_info=&#8221;{}&#8221; show_image_overlay=&#8221;off&#8221;][\/et_pb_video_slider_item][et_pb_video_slider_item src=&#8221;https:\/\/www.youtube.com\/watch?v=x9cewVAc4ZI&#8221; _builder_version=&#8221;4.14.1&#8243; _module_preset=&#8221;default&#8221; global_colors_info=&#8221;{}&#8221; show_image_overlay=&#8221;off&#8221;][\/et_pb_video_slider_item][et_pb_video_slider_item src=&#8221;https:\/\/www.youtube.com\/watch?v=y5_I0M3rMlA&#8221; _builder_version=&#8221;4.14.1&#8243; _module_preset=&#8221;default&#8221; global_colors_info=&#8221;{}&#8221; show_image_overlay=&#8221;off&#8221;][\/et_pb_video_slider_item][et_pb_video_slider_item src=&#8221;https:\/\/www.youtube.com\/watch?v=TPiZHuuembw&#8221; _builder_version=&#8221;4.14.1&#8243; _module_preset=&#8221;default&#8221; global_colors_info=&#8221;{}&#8221; show_image_overlay=&#8221;off&#8221;][\/et_pb_video_slider_item][\/et_pb_video_slider][\/et_pb_column][\/et_pb_row][et_pb_row column_structure=&#8221;1_2,1_2&#8243; _builder_version=&#8221;4.14.1&#8243; _module_preset=&#8221;default&#8221; global_colors_info=&#8221;{}&#8221;][et_pb_column type=&#8221;1_2&#8243; _builder_version=&#8221;4.14.1&#8243; _module_preset=&#8221;default&#8221; global_colors_info=&#8221;{}&#8221;][et_pb_text _builder_version=&#8221;4.14.1&#8243; _module_preset=&#8221;default&#8221; global_colors_info=&#8221;{}&#8221;]<iframe loading=\"lazy\" style=\"border: 0;\" src=\"https:\/\/www.google.com\/maps\/embed?pb=!1m14!1m8!1m3!1d1610.6656006827688!2d-115.18275500000001!3d36.15849430000001!3m2!1i1024!2i768!4f13.1!3m3!1m2!1s0x80c8c3e6d1f8eb33%3A0x339da3ea254be791!2s3017+W+Charleston+Blvd%2C+Las+Vegas%2C+NV+89102!5e0!3m2!1sen!2sus!4v1412574810090\" width=\"300\" height=\"200\" frameborder=\"0\"><\/iframe>[\/et_pb_text][et_pb_social_media_follow _builder_version=&#8221;4.14.1&#8243; _module_preset=&#8221;default&#8221; global_colors_info=&#8221;{}&#8221;][et_pb_social_media_follow_network social_network=&#8221;facebook&#8221; url=&#8221;https:\/\/www.facebook.com\/attorneyryanalexander\/&#8221; _builder_version=&#8221;4.14.1&#8243; _module_preset=&#8221;default&#8221; background_color=&#8221;#3b5998&#8243; global_colors_info=&#8221;{}&#8221; follow_button=&#8221;off&#8221; url_new_window=&#8221;on&#8221;]facebook[\/et_pb_social_media_follow_network][et_pb_social_media_follow_network social_network=&#8221;instagram&#8221; url=&#8221;https:\/\/www.instagram.com\/attorneyryanalexander\/&#8221; _builder_version=&#8221;4.14.1&#8243; _module_preset=&#8221;default&#8221; background_color=&#8221;#ea2c59&#8243; global_colors_info=&#8221;{}&#8221; follow_button=&#8221;off&#8221; url_new_window=&#8221;on&#8221;]instagram[\/et_pb_social_media_follow_network][\/et_pb_social_media_follow][\/et_pb_column][et_pb_column type=&#8221;1_2&#8243; _builder_version=&#8221;4.14.1&#8243; _module_preset=&#8221;default&#8221; global_colors_info=&#8221;{}&#8221;][et_pb_text _builder_version=&#8221;4.14.1&#8243; _module_preset=&#8221;default&#8221; global_colors_info=&#8221;{}&#8221;]<\/p>\n<p><strong>Abogado de Accidentes Ryan Alexander<\/strong><br \/>3017 West Charleston Boulevard, Suite 10<br \/>Las Vegas, Nevada 89102<br \/>Phone: (702) 333-8888<br \/>Fax: (702) 822-1133<br \/>Email: info@ryanalexander.us<\/p>\n<p>[\/et_pb_text][\/et_pb_column][\/et_pb_row][et_pb_row _builder_version=&#8221;4.14.1&#8243; _module_preset=&#8221;default&#8221; global_colors_info=&#8221;{}&#8221;][et_pb_column type=&#8221;4_4&#8243; _builder_version=&#8221;4.14.1&#8243; _module_preset=&#8221;default&#8221; global_colors_info=&#8221;{}&#8221;][et_pb_image src=&#8221;https:\/\/ryanalexander.us\/wp-content\/uploads\/2014\/01\/Crests.gif&#8221; title_text=&#8221;Crests&#8221; _builder_version=&#8221;4.14.1&#8243; _module_preset=&#8221;default&#8221; global_colors_info=&#8221;{}&#8221;][\/et_pb_image][\/et_pb_column][\/et_pb_row][\/et_pb_section][et_pb_section fb_built=&#8221;1&#8243; theme_builder_area=&#8221;post_content&#8221; _builder_version=&#8221;4.14.1&#8243; _module_preset=&#8221;default&#8221;][et_pb_row _builder_version=&#8221;4.14.1&#8243; _module_preset=&#8221;default&#8221; theme_builder_area=&#8221;post_content&#8221;][et_pb_column _builder_version=&#8221;4.14.1&#8243; _module_preset=&#8221;default&#8221; theme_builder_area=&#8221;post_content&#8221; type=&#8221;4_4&#8243;][\/et_pb_column][\/et_pb_row][\/et_pb_section][et_pb_section fb_built=&#8221;1&#8243; theme_builder_area=&#8221;post_content&#8221; _builder_version=&#8221;4.14.1&#8243; _module_preset=&#8221;default&#8221;][et_pb_row _builder_version=&#8221;4.14.1&#8243; _module_preset=&#8221;default&#8221; theme_builder_area=&#8221;post_content&#8221;][et_pb_column _builder_version=&#8221;4.14.1&#8243; _module_preset=&#8221;default&#8221; theme_builder_area=&#8221;post_content&#8221; type=&#8221;4_4&#8243;][\/et_pb_column][\/et_pb_row][\/et_pb_section]<\/p>\n","protected":false},"excerpt":{"rendered":"<p>Llame (702) 333-8888 para consultar con Ryan Consulta Gratis\u00a0 \u2022\u00a0 Accidentes: No honorarios si no ganamos &nbsp; Si usted o un ser querido ha sido lastimado en un accidente, abogado Ryan Alexander tiene la experiencia en la litigaci\u00f3n para atender su caso de lesi\u00f3n en Nevada.facebookinstagramAbogado de Accidentes Ryan Alexander3017 West Charleston Boulevard, Suite 10Las [&hellip;]<\/p>\n","protected":false},"author":1,"featured_media":0,"parent":0,"menu_order":7,"comment_status":"closed","ping_status":"open","template":"","meta":{"_et_pb_use_builder":"on","_et_pb_old_content":"<p>\u00a0<\/p><p><a href=\"http:\/\/www.ryanalexander.us\/espanol\/biografia-del-abogado-ryan-alexander\/\" target=\"_self\">Abogado Ryan Alexander<\/a> ofrece servicios en las siguientes ramas: lesiones y accidentes, derecho laboral (de empleados), defensa criminal y la bancarrota. El abogado es fluente en el espa\u00f1ol.<\/p><p><strong><a href=\"http:\/\/www.ryanalexander.us\/espanol\/lesiones-y-accidentes\/\" target=\"_self\">Lesiones y Accidentes<\/a><\/strong><br \/> Si usted o un ser querido ha sido lastimado en un accidente, abogado Ryan Alexander tiene la experiencia en la litigaci\u00f3n para atender su caso de lesi\u00f3n en Nevada. Haz cliq sobre el titulo para m\u00e1s informaci\u00f3n y videos.<br \/> <object width=\"400\" height=\"300\" classid=\"clsid:d27cdb6e-ae6d-11cf-96b8-444553540000\" codebase=\"http:\/\/download.macromedia.com\/pub\/shockwave\/cabs\/flash\/swflash.cab#version=6,0,40,0\"><param name=\"allowfullscreen\" value=\"true\" \/><param name=\"allowscriptaccess\" value=\"always\" \/><param name=\"src\" value=\"http:\/\/vimeo.com\/moogaloop.swf?clip_id=6523065&server=vimeo.com&show_title=1&show_byline=1&show_portrait=0&color=&fullscreen=1\" \/><embed width=\"400\" height=\"300\" type=\"application\/x-shockwave-flash\" src=\"http:\/\/vimeo.com\/moogaloop.swf?clip_id=6523065&server=vimeo.com&show_title=1&show_byline=1&show_portrait=0&color=&fullscreen=1\" allowfullscreen=\"true\" allowscriptaccess=\"always\" \/><\/object><\/p><p><a href=\"http:\/\/vimeo.com\/6523065\">Lesiones y Accidentes en Las Vegas, NV - Abogado Ryan Alexander<\/a> from <a href=\"http:\/\/vimeo.com\/user2283566\">Ryan Alexander<\/a> on <a href=\"http:\/\/vimeo.com\">Vimeo<\/a>.<\/p><p><strong><a href=\"http:\/\/www.ryanalexander.us\/espanol\/discriminacion-acoso-sexual-y-despedido-injusto\/\" target=\"_self\">Derecho Del Empleo - V\u00ed\u00adctimas de Discriminaci\u00f3n, Acoso Sexual y Despedido Injusto<\/a><\/strong><\/p><p>Si ha sido una v\u00ed\u00adctima de discriminaci\u00f3n en su trabajo, o despedido injustamente de su trabajo , puedo representarle en contra de su empleador. Las leyes de los E.E.U.U. y Nevada proh\u00ed\u00adben discriminaci\u00f3n por origen nacional, raza, sexo o genero, religi\u00f3n, edad o disabilidad. En algunos casos es ilegal para despedir a gente por estar embarazada or herido. Si hay contrato o uni\u00f3n, tal vez tendr\u00e1n otras protecciones.\u00a0Haz cliq sobre el titulo para m\u00e1s informaci\u00f3n y videos.<\/p><p><object width=\"400\" height=\"300\" classid=\"clsid:d27cdb6e-ae6d-11cf-96b8-444553540000\" codebase=\"http:\/\/download.macromedia.com\/pub\/shockwave\/cabs\/flash\/swflash.cab#version=6,0,40,0\"><param name=\"allowfullscreen\" value=\"true\" \/><param name=\"allowscriptaccess\" value=\"always\" \/><param name=\"src\" value=\"http:\/\/vimeo.com\/moogaloop.swf?clip_id=6523838&server=vimeo.com&show_title=1&show_byline=1&show_portrait=0&color=&fullscreen=1\" \/><embed width=\"400\" height=\"300\" type=\"application\/x-shockwave-flash\" src=\"http:\/\/vimeo.com\/moogaloop.swf?clip_id=6523838&server=vimeo.com&show_title=1&show_byline=1&show_portrait=0&color=&fullscreen=1\" allowfullscreen=\"true\" allowscriptaccess=\"always\" \/><\/object><\/p><p><a href=\"http:\/\/vimeo.com\/6523838\">V\u00ed\u00adctimas de Discriminaci\u00f3n, Acoso Sexual y Despedido Injusto - Abogado Ryan Alexander<\/a> from <a href=\"http:\/\/vimeo.com\/user2283566\">Ryan Alexander<\/a> on <a href=\"http:\/\/vimeo.com\">Vimeo<\/a>.<\/p><p><strong><a href=\"http:\/\/www.ryanalexander.us\/espanol\/defensa-criminal\/\" target=\"_self\">Defensa Criminal<\/a><\/strong><\/p><p>Si se encuentra acusado de un crimen, puedo ayudarle en cuanto a su defensa criminal. He representado a clientes con casos desde multas de tr\u00e1fico hasta cr\u00ed\u00admenes de felon\u00ed\u00adas graves.<\/p><p><object width=\"400\" height=\"300\" classid=\"clsid:d27cdb6e-ae6d-11cf-96b8-444553540000\" codebase=\"http:\/\/download.macromedia.com\/pub\/shockwave\/cabs\/flash\/swflash.cab#version=6,0,40,0\"><param name=\"allowfullscreen\" value=\"true\" \/><param name=\"allowscriptaccess\" value=\"always\" \/><param name=\"src\" value=\"http:\/\/vimeo.com\/moogaloop.swf?clip_id=6522966&server=vimeo.com&show_title=1&show_byline=1&show_portrait=0&color=&fullscreen=1\" \/><embed width=\"400\" height=\"300\" type=\"application\/x-shockwave-flash\" src=\"http:\/\/vimeo.com\/moogaloop.swf?clip_id=6522966&server=vimeo.com&show_title=1&show_byline=1&show_portrait=0&color=&fullscreen=1\" allowfullscreen=\"true\" allowscriptaccess=\"always\" \/><\/object><\/p><p><a href=\"http:\/\/vimeo.com\/6522966\">Defensa criminal en Las Vegas, Nevada - Abogado Ryan Alexander<\/a> from <a href=\"http:\/\/vimeo.com\/user2283566\">Ryan Alexander<\/a> on <a href=\"http:\/\/vimeo.com\">Vimeo<\/a>.<\/p><p>Quiero ser su abogado. Para poner una cita conmigo, llame al (702) 868-3311 ahora.<\/p><p><object width=\"400\" height=\"300\" classid=\"clsid:d27cdb6e-ae6d-11cf-96b8-444553540000\" codebase=\"http:\/\/download.macromedia.com\/pub\/shockwave\/cabs\/flash\/swflash.cab#version=6,0,40,0\"><param name=\"allowfullscreen\" value=\"true\" \/><param name=\"allowscriptaccess\" value=\"always\" \/><param name=\"src\" value=\"http:\/\/vimeo.com\/moogaloop.swf?clip_id=6523020&server=vimeo.com&show_title=1&show_byline=1&show_portrait=0&color=&fullscreen=1\" \/><embed width=\"400\" height=\"300\" type=\"application\/x-shockwave-flash\" src=\"http:\/\/vimeo.com\/moogaloop.swf?clip_id=6523020&server=vimeo.com&show_title=1&show_byline=1&show_portrait=0&color=&fullscreen=1\" allowfullscreen=\"true\" allowscriptaccess=\"always\" \/><\/object><\/p><p><a href=\"http:\/\/vimeo.com\/6523020\">Puede llevar un caso legal sin papeles - Abogado Ryan Alexander<\/a> from <a href=\"http:\/\/vimeo.com\/user2283566\">Ryan Alexander<\/a> on <a href=\"http:\/\/vimeo.com\">Vimeo<\/a>.<\/p>","_et_gb_content_width":""},"_links":{"self":[{"href":"https:\/\/ryanalexander.us\/index.php?rest_route=\/wp\/v2\/pages\/39"}],"collection":[{"href":"https:\/\/ryanalexander.us\/index.php?rest_route=\/wp\/v2\/pages"}],"about":[{"href":"https:\/\/ryanalexander.us\/index.php?rest_route=\/wp\/v2\/types\/page"}],"author":[{"embeddable":true,"href":"https:\/\/ryanalexander.us\/index.php?rest_route=\/wp\/v2\/users\/1"}],"replies":[{"embeddable":true,"href":"https:\/\/ryanalexander.us\/index.php?rest_route=%2Fwp%2Fv2%2Fcomments&post=39"}],"version-history":[{"count":30,"href":"https:\/\/ryanalexander.us\/index.php?rest_route=\/wp\/v2\/pages\/39\/revisions"}],"predecessor-version":[{"id":1396,"href":"https:\/\/ryanalexander.us\/index.php?rest_route=\/wp\/v2\/pages\/39\/revisions\/1396"}],"wp:attachment":[{"href":"https:\/\/ryanalexander.us\/index.php?rest_route=%2Fwp%2Fv2%2Fmedia&parent=39"}],"curies":[{"name":"wp","href":"https:\/\/api.w.org\/{rel}","templated":true}]}}