{"id":201,"date":"2009-09-10T11:40:04","date_gmt":"2009-09-10T18:40:04","guid":{"rendered":"http:\/\/www.ryanalexander.us\/?page_id=201"},"modified":"2024-05-25T13:44:24","modified_gmt":"2024-05-25T20:44:24","slug":"biografia-del-abogado-ryan-alexander","status":"publish","type":"page","link":"https:\/\/ryanalexander.us\/?page_id=201","title":{"rendered":"Biograf\u00eda del abogado Ryan Alexander"},"content":{"rendered":"<p>[et_pb_section fb_built=&#8221;1&#8243; admin_label=&#8221;section&#8221; _builder_version=&#8221;3.22&#8243; global_colors_info=&#8221;{}&#8221;][et_pb_row admin_label=&#8221;row&#8221; _builder_version=&#8221;3.25&#8243; background_size=&#8221;initial&#8221; background_position=&#8221;top_left&#8221; background_repeat=&#8221;repeat&#8221; global_colors_info=&#8221;{}&#8221;][et_pb_column type=&#8221;4_4&#8243; _builder_version=&#8221;3.25&#8243; custom_padding=&#8221;|||&#8221; global_colors_info=&#8221;{}&#8221; custom_padding__hover=&#8221;|||&#8221;][et_pb_text admin_label=&#8221;Text&#8221; _builder_version=&#8221;3.27.4&#8243; background_size=&#8221;initial&#8221; background_position=&#8221;top_left&#8221; background_repeat=&#8221;repeat&#8221; use_border_color=&#8221;off&#8221; border_color=&#8221;#ffffff&#8221; border_style=&#8221;solid&#8221; global_colors_info=&#8221;{}&#8221;]<\/p>\n<p>Ryan practica principalmente en <strong>lesiones personales<\/strong>. \u00c9l representa a las personas que han sido heridos en ambas reclamaciones de seguros y litigios, y ha recuperado decenas de millones de d\u00f3lares por clientes lesionados en mas de 1,700 casos de accidentes, y presentado mas de 36 casos a juicio.<\/p>\n<p>Ryan anteriormente ejerci\u00f3 en quiebras y defensa criminal. Para los consumidores y las peque\u00f1as empresas que ha descargado y reorganizado decenas de millones de la deuda en m\u00e1s de 1,500 casos de bancarrota. Es uno de los pocos abogados en Las Vegas que maneja no s\u00f3lo el cap\u00edtulo 7 de los consumidores y el Cap\u00edtulo 13, pero tambi\u00e9n el Cap\u00edtulo 11 reorganizaciones. Ryan tambi\u00e9n se ocupa de los asuntos penales de todos los tama\u00f1os, incluyendo DUI, violencia dom\u00e9stica y otros delitos menores, hasta delitos &#8216;cuello blanco&#8217; y delitos sexuales.<\/p>\n<p style=\"text-align: left;\"><strong>Educaci\u00f3n<\/strong><\/p>\n<p><a title=\"Harvard Law School\" href=\"http:\/\/law.harvard.edu\" target=\"_blank\" rel=\"noopener noreferrer\">Harvard Law School<\/a>, J.D.<\/p>\n<p>Harvard Recording Artists\u2019 Project<br \/>Harvard Instituto de Justicia Criminal (Defensa Criminal)<\/p>\n<p style=\"text-align: left;\"><a title=\"BYU Hawaii\" href=\"http:\/\/byuh.edu\" target=\"_blank\" rel=\"noopener noreferrer\">BYU Hawaii<\/a>, B.S. Gerencia de Negocios Internacionales<\/p>\n<p>Grados Menores en Espa\u00f1ol, Economia y Teatro<br \/>Phi Kappa Phi, Programa de honores y Magna Cum Laude<br \/>Becas por acad\u00e9micas, gobierno estudiantil, dept. de negocios y teatro<\/p>\n<p><strong>Lenguajes<\/strong><br \/>Espa\u00f1ol<\/p>\n<p><strong>Licencias<span style=\"font-weight: normal;\"><br \/>Nevada<br \/>Wisconsin (2007-2010)<\/span><\/strong><\/p>\n<p>[\/et_pb_text][\/et_pb_column][\/et_pb_row][\/et_pb_section][et_pb_section fb_built=&#8221;1&#8243; _builder_version=&#8221;4.14.1&#8243; _module_preset=&#8221;default&#8221; global_colors_info=&#8221;{}&#8221;][et_pb_row _builder_version=&#8221;4.14.1&#8243; _module_preset=&#8221;default&#8221; global_colors_info=&#8221;{}&#8221;][et_pb_column type=&#8221;4_4&#8243; _builder_version=&#8221;4.14.1&#8243; _module_preset=&#8221;default&#8221; global_colors_info=&#8221;{}&#8221;][et_pb_image src=&#8221;https:\/\/ryanalexander.us\/wp-content\/uploads\/2024\/05\/Alexander-Family-2023-1.jpeg&#8221; _builder_version=&#8221;4.14.1&#8243; _module_preset=&#8221;default&#8221; global_colors_info=&#8221;{}&#8221;][\/et_pb_image][et_pb_text _builder_version=&#8221;4.14.1&#8243; _module_preset=&#8221;default&#8221; global_colors_info=&#8221;{}&#8221;]<\/p>\n<p><strong>Biograf\u00eda personal<\/strong><\/p>\n<p>&#8220;Crec\u00ed en la regi\u00f3n de Niagara, en Ontario, Canad\u00e1, pasando la mayor parte de mi infancia en una granja a las afueras de un &#8220;steeltown,&#8221; a unos 24 kil\u00f3metros de Buffalo, Nueva York. La familia de mi madre era en su mayor\u00eda trabajadores sindicales de hierro y acero, mi padre, un oficial del ej\u00e9rcito. Durante mi adolescencia, mi vida se volvi\u00f3 m\u00e1s emocionante y, a trav\u00e9s de una serie aleatoria de eventos, pude pasar tiempo en Alemania con mi padre, luego asist\u00ed a un internado en Nueva Zelanda y fui a la universidad en Hawai. Desarroll\u00e9 una gran afinidad por las personas y las culturas de Polinesia, e incluso me present\u00e9 en grupos de danza de cultura samoana y maor\u00ed.<\/p>\n<p>Durante la universidad me tom\u00e9 dos a\u00f1os de descanso para servir en una misi\u00f3n religiosa en Seattle, Washington, donde trabaj\u00e9 exclusivamente con inmigrantes de habla hispana en el \u00e1rea metropolitana de Seattle. No solo ense\u00f1amos doctrina, sino que ayudamos a las personas a encontrar trabajo, establecer grupos sociales y hacer nuevos amigos, obtener muebles para sus hogares vac\u00edos y ayudar a las personas a integrarse y construir vidas en los Estados Unidos. Sus problemas fueron nuestros problemas, y esos a\u00f1os trabajando con familias latinas en sus hogares me dieron una valiosa informaci\u00f3n sobre las comunidades y las luchas de los inmigrantes hispanos en los Estados Unidos. Tambi\u00e9n fue en Seattle donde primero consider\u00e9 ser abogado; nunca antes conoc\u00ed a ning\u00fan abogado. Fue un gran cambio respecto de querer ser un artista. Regres\u00e9 a Hawai, cambi\u00e9 las especialidades de Artes Visuales a Negocios Internacionales, y trabaj\u00e9 para ingresar a la facultad de derecho.<\/p>\n<p>Cuando fui a la facultad de derecho en Harvard, fui la \u00fanica persona que dijo que quer\u00eda ser abogado por demandantes. Un amigo que es un abogado de lesiones me gan\u00f3 con historias sobre sus casos ayudando a personas gravemente heridas. Tambi\u00e9n fui la \u00fanica persona en toda la clase quien comenz\u00f3 su propia pr\u00e1ctica de inmediato: tan pronto como obtuve mi licencia form\u00e9 mi primera oficina. Y me enorgullece ayudar a las personas que han resultado heridas, a las personas acusadas de cr\u00edmenes, y a las familias en problemas financieros. Me gusta trabajar con personas y ahora disfruto el rol de &#8216;consejero&#8217; del abogado.<\/p>\n<p>Estoy casado y tengo cuatro hijos. Disfruto de pel\u00edculas y documentales, fotograf\u00eda y dise\u00f1o gr\u00e1fico, autom\u00f3viles ex\u00f3ticos e idiomas. Todav\u00eda incursionando en Photoshop y tipograf\u00eda, tambi\u00e9n cre\u00e9 la imagen del infame Hello Kitty Ferrari que se convirti\u00f3 en un meme de Internet &#8220;.<\/p>\n<p>[\/et_pb_text][\/et_pb_column][\/et_pb_row][\/et_pb_section][et_pb_section fb_built=&#8221;1&#8243; _builder_version=&#8221;4.14.1&#8243; _module_preset=&#8221;default&#8221; global_colors_info=&#8221;{}&#8221;][\/et_pb_section]<\/p>\n","protected":false},"excerpt":{"rendered":"<p>Ryan practica principalmente en lesiones personales. \u00c9l representa a las personas que han sido heridos en ambas reclamaciones de seguros y litigios, y ha recuperado decenas de millones de d\u00f3lares por clientes lesionados en mas de 1,700 casos de accidentes, y presentado mas de 36 casos a juicio. Ryan anteriormente ejerci\u00f3 en quiebras y defensa [&hellip;]<\/p>\n","protected":false},"author":1,"featured_media":0,"parent":39,"menu_order":1,"comment_status":"closed","ping_status":"closed","template":"","meta":{"_et_pb_use_builder":"on","_et_pb_old_content":"","_et_gb_content_width":""},"_links":{"self":[{"href":"https:\/\/ryanalexander.us\/index.php?rest_route=\/wp\/v2\/pages\/201"}],"collection":[{"href":"https:\/\/ryanalexander.us\/index.php?rest_route=\/wp\/v2\/pages"}],"about":[{"href":"https:\/\/ryanalexander.us\/index.php?rest_route=\/wp\/v2\/types\/page"}],"author":[{"embeddable":true,"href":"https:\/\/ryanalexander.us\/index.php?rest_route=\/wp\/v2\/users\/1"}],"replies":[{"embeddable":true,"href":"https:\/\/ryanalexander.us\/index.php?rest_route=%2Fwp%2Fv2%2Fcomments&post=201"}],"version-history":[{"count":20,"href":"https:\/\/ryanalexander.us\/index.php?rest_route=\/wp\/v2\/pages\/201\/revisions"}],"predecessor-version":[{"id":1354,"href":"https:\/\/ryanalexander.us\/index.php?rest_route=\/wp\/v2\/pages\/201\/revisions\/1354"}],"up":[{"embeddable":true,"href":"https:\/\/ryanalexander.us\/index.php?rest_route=\/wp\/v2\/pages\/39"}],"wp:attachment":[{"href":"https:\/\/ryanalexander.us\/index.php?rest_route=%2Fwp%2Fv2%2Fmedia&parent=201"}],"curies":[{"name":"wp","href":"https:\/\/api.w.org\/{rel}","templated":true}]}}